{"id":22,"date":"2019-06-04T17:18:28","date_gmt":"2019-06-04T17:18:28","guid":{"rendered":"http:\/\/htxdongtam.hvgcloud.net\/?page_id=22"},"modified":"2021-11-09T11:04:53","modified_gmt":"2021-11-09T11:04:53","slug":"san-pham","status":"publish","type":"page","link":"https:\/\/htxdongtam.hvgcloud.net\/?page_id=22","title":{"rendered":"S\u1ea3n ph\u1ea9m"},"content":{"rendered":"<div class=\"container section-title-container\" ><h3 class=\"section-title section-title-normal\"><b><\/b><span class=\"section-title-main\" >S\u1ea3n ph\u1ea9m<\/span><b><\/b><\/h3><\/div>\n\n  \n    <div class=\"row large-columns-3 medium-columns- small-columns-2 row-small\">\n  \t\n\t     \n\t\t\t\t\t\n<div class=\"product-small col has-hover product type-product post-1124 status-publish first instock product_cat-buoi-trang-xa has-post-thumbnail shipping-taxable product-type-simple\">\n\t<div class=\"col-inner\">\n\t\n<div class=\"badge-container absolute left top z-1\">\n<\/div>\n\t<div class=\"product-small box \">\n\t\t<div class=\"box-image\">\n\t\t\t<div class=\"image-fade_in_back\">\n\t\t\t\t<a href=\"https:\/\/htxdongtam.hvgcloud.net\/?product=buoi-trang-xa\" aria-label=\"B\u01b0\u1edfi Tr\u00e0ng X\u00e1\">\n\t\t\t\t\t<img loading=\"lazy\" decoding=\"async\" width=\"214\" height=\"214\" src=\"https:\/\/htxdongtam.hvgcloud.net\/wp-content\/uploads\/2024\/08\/buoi-1-1-19212168-1711958817866-17119588181351899489153-214x214.jpg\" class=\"attachment-woocommerce_thumbnail size-woocommerce_thumbnail\" alt=\"\" srcset=\"https:\/\/htxdongtam.hvgcloud.net\/wp-content\/uploads\/2024\/08\/buoi-1-1-19212168-1711958817866-17119588181351899489153-214x214.jpg 214w, https:\/\/htxdongtam.hvgcloud.net\/wp-content\/uploads\/2024\/08\/buoi-1-1-19212168-1711958817866-17119588181351899489153-150x150.jpg 150w, https:\/\/htxdongtam.hvgcloud.net\/wp-content\/uploads\/2024\/08\/buoi-1-1-19212168-1711958817866-17119588181351899489153-100x100.jpg 100w\" sizes=\"(max-width: 214px) 100vw, 214px\" \/><img loading=\"lazy\" decoding=\"async\" width=\"214\" height=\"214\" src=\"https:\/\/htxdongtam.hvgcloud.net\/wp-content\/uploads\/2024\/08\/buoi-1-1-19212168-1711958817866-17119588181351899489153-214x214.jpg\" class=\"show-on-hover absolute fill hide-for-small back-image\" alt=\"\" srcset=\"https:\/\/htxdongtam.hvgcloud.net\/wp-content\/uploads\/2024\/08\/buoi-1-1-19212168-1711958817866-17119588181351899489153-214x214.jpg 214w, https:\/\/htxdongtam.hvgcloud.net\/wp-content\/uploads\/2024\/08\/buoi-1-1-19212168-1711958817866-17119588181351899489153-150x150.jpg 150w, https:\/\/htxdongtam.hvgcloud.net\/wp-content\/uploads\/2024\/08\/buoi-1-1-19212168-1711958817866-17119588181351899489153-100x100.jpg 100w\" sizes=\"(max-width: 214px) 100vw, 214px\" \/>\t\t\t\t<\/a>\n\t\t\t<\/div>\n\t\t\t<div class=\"image-tools is-small top right show-on-hover\">\n\t\t\t\t\t\t\t<\/div>\n\t\t\t<div class=\"image-tools is-small hide-for-small bottom left show-on-hover\">\n\t\t\t\t\t\t\t<\/div>\n\t\t\t<div class=\"image-tools grid-tools text-center hide-for-small bottom hover-slide-in show-on-hover\">\n\t\t\t\t\t\t\t<\/div>\n\t\t\t\t\t<\/div>\n\n\t\t<div class=\"box-text box-text-products\">\n\t\t\t<div class=\"title-wrapper\"><p class=\"name product-title woocommerce-loop-product__title\"><a href=\"https:\/\/htxdongtam.hvgcloud.net\/?product=buoi-trang-xa\" class=\"woocommerce-LoopProduct-link woocommerce-loop-product__link\">B\u01b0\u1edfi Tr\u00e0ng X\u00e1<\/a><\/p><\/div><div class=\"price-wrapper\">\n<\/div>\t\t<\/div>\n\t<\/div>\n\t\t<\/div>\n<\/div>\n\t            \t        <\/div>\n","protected":false},"excerpt":{"rendered":"","protected":false},"author":1,"featured_media":0,"parent":0,"menu_order":0,"comment_status":"closed","ping_status":"closed","template":"page-left-sidebar.php","meta":{"ngg_post_thumbnail":0,"footnotes":""},"class_list":["post-22","page","type-page","status-publish","hentry"],"acf":[],"yoast_head":"<!-- This site is optimized with the Yoast SEO plugin v21.7 - https:\/\/yoast.com\/wordpress\/plugins\/seo\/ -->\n<title>S\u1ea3n ph\u1ea9m - H\u1ee3p t\u00e1c x\u00e3 \u0110\u1ed3ng T\u00e2m - V\u00f5 Nhai - Th\u00e1i Nguy\u00ean<\/title>\n<meta name=\"robots\" content=\"index, follow, max-snippet:-1, max-image-preview:large, max-video-preview:-1\" \/>\n<link rel=\"canonical\" href=\"https:\/\/htxdongtam.hvgcloud.net\/?page_id=22\" \/>\n<meta property=\"og:locale\" content=\"vi_VN\" \/>\n<meta property=\"og:type\" content=\"article\" \/>\n<meta property=\"og:title\" content=\"S\u1ea3n ph\u1ea9m - H\u1ee3p t\u00e1c x\u00e3 \u0110\u1ed3ng T\u00e2m - V\u00f5 Nhai - Th\u00e1i Nguy\u00ean\" \/>\n<meta property=\"og:url\" content=\"https:\/\/htxdongtam.hvgcloud.net\/?page_id=22\" \/>\n<meta property=\"og:site_name\" content=\"H\u1ee3p t\u00e1c x\u00e3 \u0110\u1ed3ng T\u00e2m - V\u00f5 Nhai - Th\u00e1i Nguy\u00ean\" \/>\n<meta property=\"article:modified_time\" content=\"2021-11-09T11:04:53+00:00\" \/>\n<meta name=\"twitter:card\" content=\"summary_large_image\" \/>\n<script type=\"application\/ld+json\" class=\"yoast-schema-graph\">{\"@context\":\"https:\/\/schema.org\",\"@graph\":[{\"@type\":\"WebPage\",\"@id\":\"https:\/\/htxdongtam.hvgcloud.net\/?page_id=22\",\"url\":\"https:\/\/htxdongtam.hvgcloud.net\/?page_id=22\",\"name\":\"S\u1ea3n ph\u1ea9m - H\u1ee3p t\u00e1c x\u00e3 \u0110\u1ed3ng T\u00e2m - V\u00f5 Nhai - Th\u00e1i Nguy\u00ean\",\"isPartOf\":{\"@id\":\"https:\/\/htxdongtam.hvgcloud.net\/#website\"},\"datePublished\":\"2019-06-04T17:18:28+00:00\",\"dateModified\":\"2021-11-09T11:04:53+00:00\",\"breadcrumb\":{\"@id\":\"https:\/\/htxdongtam.hvgcloud.net\/?page_id=22#breadcrumb\"},\"inLanguage\":\"vi\",\"potentialAction\":[{\"@type\":\"ReadAction\",\"target\":[\"https:\/\/htxdongtam.hvgcloud.net\/?page_id=22\"]}]},{\"@type\":\"BreadcrumbList\",\"@id\":\"https:\/\/htxdongtam.hvgcloud.net\/?page_id=22#breadcrumb\",\"itemListElement\":[{\"@type\":\"ListItem\",\"position\":1,\"name\":\"Trang ch\u1ee7\",\"item\":\"https:\/\/htxdongtam.hvgcloud.net\/\"},{\"@type\":\"ListItem\",\"position\":2,\"name\":\"S\u1ea3n ph\u1ea9m\"}]},{\"@type\":\"WebSite\",\"@id\":\"https:\/\/htxdongtam.hvgcloud.net\/#website\",\"url\":\"https:\/\/htxdongtam.hvgcloud.net\/\",\"name\":\"H\u1ee3p t\u00e1c x\u00e3 \u0110\u1ed3ng T\u00e2m - V\u00f5 Nhai - Th\u00e1i Nguy\u00ean\",\"description\":\"\",\"potentialAction\":[{\"@type\":\"SearchAction\",\"target\":{\"@type\":\"EntryPoint\",\"urlTemplate\":\"https:\/\/htxdongtam.hvgcloud.net\/?s={search_term_string}\"},\"query-input\":\"required name=search_term_string\"}],\"inLanguage\":\"vi\"}]}<\/script>\n<!-- \/ Yoast SEO plugin. -->","yoast_head_json":{"title":"S\u1ea3n ph\u1ea9m - H\u1ee3p t\u00e1c x\u00e3 \u0110\u1ed3ng T\u00e2m - V\u00f5 Nhai - Th\u00e1i Nguy\u00ean","robots":{"index":"index","follow":"follow","max-snippet":"max-snippet:-1","max-image-preview":"max-image-preview:large","max-video-preview":"max-video-preview:-1"},"canonical":"https:\/\/htxdongtam.hvgcloud.net\/?page_id=22","og_locale":"vi_VN","og_type":"article","og_title":"S\u1ea3n ph\u1ea9m - H\u1ee3p t\u00e1c x\u00e3 \u0110\u1ed3ng T\u00e2m - V\u00f5 Nhai - Th\u00e1i Nguy\u00ean","og_url":"https:\/\/htxdongtam.hvgcloud.net\/?page_id=22","og_site_name":"H\u1ee3p t\u00e1c x\u00e3 \u0110\u1ed3ng T\u00e2m - V\u00f5 Nhai - Th\u00e1i Nguy\u00ean","article_modified_time":"2021-11-09T11:04:53+00:00","twitter_card":"summary_large_image","schema":{"@context":"https:\/\/schema.org","@graph":[{"@type":"WebPage","@id":"https:\/\/htxdongtam.hvgcloud.net\/?page_id=22","url":"https:\/\/htxdongtam.hvgcloud.net\/?page_id=22","name":"S\u1ea3n ph\u1ea9m - H\u1ee3p t\u00e1c x\u00e3 \u0110\u1ed3ng T\u00e2m - V\u00f5 Nhai - Th\u00e1i Nguy\u00ean","isPartOf":{"@id":"https:\/\/htxdongtam.hvgcloud.net\/#website"},"datePublished":"2019-06-04T17:18:28+00:00","dateModified":"2021-11-09T11:04:53+00:00","breadcrumb":{"@id":"https:\/\/htxdongtam.hvgcloud.net\/?page_id=22#breadcrumb"},"inLanguage":"vi","potentialAction":[{"@type":"ReadAction","target":["https:\/\/htxdongtam.hvgcloud.net\/?page_id=22"]}]},{"@type":"BreadcrumbList","@id":"https:\/\/htxdongtam.hvgcloud.net\/?page_id=22#breadcrumb","itemListElement":[{"@type":"ListItem","position":1,"name":"Trang ch\u1ee7","item":"https:\/\/htxdongtam.hvgcloud.net\/"},{"@type":"ListItem","position":2,"name":"S\u1ea3n ph\u1ea9m"}]},{"@type":"WebSite","@id":"https:\/\/htxdongtam.hvgcloud.net\/#website","url":"https:\/\/htxdongtam.hvgcloud.net\/","name":"H\u1ee3p t\u00e1c x\u00e3 \u0110\u1ed3ng T\u00e2m - V\u00f5 Nhai - Th\u00e1i Nguy\u00ean","description":"","potentialAction":[{"@type":"SearchAction","target":{"@type":"EntryPoint","urlTemplate":"https:\/\/htxdongtam.hvgcloud.net\/?s={search_term_string}"},"query-input":"required name=search_term_string"}],"inLanguage":"vi"}]}},"_links":{"self":[{"href":"https:\/\/htxdongtam.hvgcloud.net\/index.php?rest_route=\/wp\/v2\/pages\/22"}],"collection":[{"href":"https:\/\/htxdongtam.hvgcloud.net\/index.php?rest_route=\/wp\/v2\/pages"}],"about":[{"href":"https:\/\/htxdongtam.hvgcloud.net\/index.php?rest_route=\/wp\/v2\/types\/page"}],"author":[{"embeddable":true,"href":"https:\/\/htxdongtam.hvgcloud.net\/index.php?rest_route=\/wp\/v2\/users\/1"}],"replies":[{"embeddable":true,"href":"https:\/\/htxdongtam.hvgcloud.net\/index.php?rest_route=%2Fwp%2Fv2%2Fcomments&post=22"}],"version-history":[{"count":4,"href":"https:\/\/htxdongtam.hvgcloud.net\/index.php?rest_route=\/wp\/v2\/pages\/22\/revisions"}],"predecessor-version":[{"id":665,"href":"https:\/\/htxdongtam.hvgcloud.net\/index.php?rest_route=\/wp\/v2\/pages\/22\/revisions\/665"}],"wp:attachment":[{"href":"https:\/\/htxdongtam.hvgcloud.net\/index.php?rest_route=%2Fwp%2Fv2%2Fmedia&parent=22"}],"curies":[{"name":"wp","href":"https:\/\/api.w.org\/{rel}","templated":true}]}}